{"id":4,"date":"2020-05-04T08:23:47","date_gmt":"2020-05-04T13:23:47","guid":{"rendered":"https:\/\/sites.owu.edu\/liberty-captivity-en-francais\/?page_id=4"},"modified":"2024-11-20T11:55:03","modified_gmt":"2024-11-20T16:55:03","slug":"welcome","status":"publish","type":"page","link":"https:\/\/sites.owu.edu\/liberty-captivity-en-francais\/","title":{"rendered":"Welcome!"},"content":{"rendered":"<p style=\"text-align: center;\"><strong>Libert\u00e9, captivit\u00e9, en fran\u00e7ais: <\/strong><strong>Une exploration de la libert\u00e9 et la captivit\u00e9 dans les \u0153uvres culturelles contemporaines d\u2019expression fran\u00e7aise<\/strong><\/p>\n<table class=\" aligncenter\" style=\"height: 301px; width: 1228px;\" width=\"1326\">\n<tbody>\n<tr style=\"height: 249px;\">\n<td style=\"height: 249px; width: 350px;\"><strong><a href=\"https:\/\/sites.owu.edu\/liberty-captivity-en-francais\/la-question\/\"><img loading=\"lazy\" decoding=\"async\" class=\"aligncenter wp-image-14 size-medium\" src=\"https:\/\/sites.owu.edu\/liberty-captivity-en-francais\/wp-content\/uploads\/sites\/171\/2020\/05\/laquestion-300x244.jpg\" alt=\"\" width=\"300\" height=\"244\" srcset=\"https:\/\/sites.owu.edu\/liberty-captivity-en-francais\/wp-content\/uploads\/sites\/171\/2020\/05\/laquestion-300x244.jpg 300w, https:\/\/sites.owu.edu\/liberty-captivity-en-francais\/wp-content\/uploads\/sites\/171\/2020\/05\/laquestion.jpg 561w\" sizes=\"auto, (max-width: 300px) 100vw, 300px\" \/><\/a><\/strong><\/td>\n<td style=\"height: 249px; width: 405px;\"><strong><a href=\"https:\/\/sites.owu.edu\/liberty-captivity-en-francais\/un-prophete\/\"><img loading=\"lazy\" decoding=\"async\" class=\"aligncenter wp-image-17 size-medium\" src=\"https:\/\/sites.owu.edu\/liberty-captivity-en-francais\/wp-content\/uploads\/sites\/171\/2020\/05\/unprophete-222x300.png\" alt=\"\" width=\"222\" height=\"300\" srcset=\"https:\/\/sites.owu.edu\/liberty-captivity-en-francais\/wp-content\/uploads\/sites\/171\/2020\/05\/unprophete-222x300.png 222w, https:\/\/sites.owu.edu\/liberty-captivity-en-francais\/wp-content\/uploads\/sites\/171\/2020\/05\/unprophete-768x1037.png 768w, https:\/\/sites.owu.edu\/liberty-captivity-en-francais\/wp-content\/uploads\/sites\/171\/2020\/05\/unprophete-759x1024.png 759w, https:\/\/sites.owu.edu\/liberty-captivity-en-francais\/wp-content\/uploads\/sites\/171\/2020\/05\/unprophete.png 846w\" sizes=\"auto, (max-width: 222px) 100vw, 222px\" \/><\/a><\/strong><\/td>\n<td style=\"height: 249px; width: 470px;\"><strong><a href=\"https:\/\/sites.owu.edu\/liberty-captivity-en-francais\/born-this-way\/\"><img loading=\"lazy\" decoding=\"async\" class=\"wp-image-15 size-medium aligncenter\" src=\"https:\/\/sites.owu.edu\/liberty-captivity-en-francais\/wp-content\/uploads\/sites\/171\/2020\/05\/bornthisway-226x300.jpg\" alt=\"\" width=\"226\" height=\"300\" srcset=\"https:\/\/sites.owu.edu\/liberty-captivity-en-francais\/wp-content\/uploads\/sites\/171\/2020\/05\/bornthisway-226x300.jpg 226w, https:\/\/sites.owu.edu\/liberty-captivity-en-francais\/wp-content\/uploads\/sites\/171\/2020\/05\/bornthisway.jpg 378w\" sizes=\"auto, (max-width: 226px) 100vw, 226px\" \/><\/a><\/strong><\/td>\n<\/tr>\n<tr style=\"height: 52px;\">\n<td style=\"height: 52px; width: 350px; text-align: center;\">Henri Alleg&#8217;s\u00a0Famous 1958 Algerian Resistance Narrative, <em>La Question<\/em>\u00a0(<em>Le fameux r\u00e9cit de r\u00e9sistance alg\u00e9rienne de 1958 \u00e9crit par Henri Alleg, <\/em>La Question)<\/p>\n<p><a class=\"button\" href=\"https:\/\/sites.owu.edu\/liberty-captivity-en-francais\/la-question\/\">Start Here<\/a><\/td>\n<td style=\"height: 52px; width: 405px;\">\n<p style=\"text-align: center;\">Jacques Audiard&#8217;s 2009 Blockbuster French Film About Imprisonment\u00a0and Freedom, <em>Un Proph\u00e8te<\/em> (<em>Le Blockbuster de 2009 sur l&#8217;emprisonnement et la libert\u00e9 r\u00e9alis\u00e9 par Jacques Audiard<\/em>, Un Proph\u00e8te)<\/p>\n<\/td>\n<td style=\"height: 52px; width: 470px; text-align: center;\">Shaun Kadlec and Deb Tullman&#8217;s Beautiful and Sensitive 2013 Documentary About Being Gay in Cameroon, <i>Born This Way<\/i> (<em>Un beau et sensible documentaire r\u00e9alis\u00e9 par Shaun Kadlec et Deb Tullman et sorti en 2013 sur l&#8217;homosexualit\u00e9 au Cameroun<\/em>, Born This Way)<\/td>\n<\/tr>\n<\/tbody>\n<\/table>\n<p>&nbsp;<\/p>\n<p>&nbsp;<\/p>\n<p>&nbsp;<\/p>\n<p>&nbsp;<\/p>\n<p style=\"text-align: center;\"><strong>Printemps 2020<\/strong><br \/>\n<strong>Professeur Mary Anne Lewis Cusato<\/strong><br \/>\n<strong><a href=\"mailto:malewis@owu.edu\">malewis@owu.edu<\/a><\/strong><br \/>\n<strong>Adresse: University Hall #204<\/strong><\/p>\n<p>&#8220;Liberty, Captivity, in French&#8221;<\/p>\n<p>An Exploration of Liberty and Captivity in Contemporary Cultural Works in French<\/p>\n<p>In this seminar, we explore the themes of liberty and captivity in the 20th and 21st centuries centuries through the analysis of literary texts, films, and critical texts in French representing the Maghreb (Morocco, Algeria, and Tunisia), West Africa, and other francophone regions. Working with these texts in a close and critical way, we will sharpen and deepen the way we understand these notions, these regions, and these expressions, whether aesthetic and \/ or critical.<\/p>\n<p><em>Dans ce s\u00e9minaire, nous explorons les th\u00e8mes de la libert\u00e9 et la captivit\u00e9 au vingti\u00e8me et au vingt-et-uni\u00e8me si\u00e8cles \u00e0 travers l\u2019analyse de textes litt\u00e9raires, de films, et de textes critiques d\u2019expression fran\u00e7aise portant sur le Maghreb (le Maroc, l\u2019Alg\u00e9rie, et la Tunisie), l\u2019Afrique de l\u2019ouest, et d\u2019autres r\u00e9gions francophones. En travaillant avec ces textes de fa\u00e7on proche et critique, nous allons pr\u00e9ciser et approfondir la mani\u00e8re dont on comprend ces notions, ces r\u00e9gions, et ces expressions, soient-elles esth\u00e9tiques et \/ ou critiques.<\/em><\/p>\n","protected":false},"excerpt":{"rendered":"<p>Libert\u00e9, captivit\u00e9, en fran\u00e7ais: Une exploration de la libert\u00e9 et la captivit\u00e9 dans les \u0153uvres culturelles contemporaines d\u2019expression fran\u00e7aise Henri Alleg&#8217;s\u00a0Famous 1958 Algerian Resistance Narrative, La Question\u00a0(Le fameux r\u00e9cit de r\u00e9sistance alg\u00e9rienne de 1958 \u00e9crit par Henri Alleg, La Question) Start Here Jacques Audiard&#8217;s 2009 Blockbuster French Film About Imprisonment\u00a0and Freedom, Un Proph\u00e8te (Le Blockbuster [&hellip;]<\/p>\n","protected":false},"author":4,"featured_media":0,"parent":0,"menu_order":0,"comment_status":"closed","ping_status":"closed","template":"","meta":{"footnotes":""},"class_list":["post-4","page","type-page","status-publish","hentry"],"blocksy_meta":[],"_links":{"self":[{"href":"https:\/\/sites.owu.edu\/liberty-captivity-en-francais\/wp-json\/wp\/v2\/pages\/4","targetHints":{"allow":["GET"]}}],"collection":[{"href":"https:\/\/sites.owu.edu\/liberty-captivity-en-francais\/wp-json\/wp\/v2\/pages"}],"about":[{"href":"https:\/\/sites.owu.edu\/liberty-captivity-en-francais\/wp-json\/wp\/v2\/types\/page"}],"author":[{"embeddable":true,"href":"https:\/\/sites.owu.edu\/liberty-captivity-en-francais\/wp-json\/wp\/v2\/users\/4"}],"replies":[{"embeddable":true,"href":"https:\/\/sites.owu.edu\/liberty-captivity-en-francais\/wp-json\/wp\/v2\/comments?post=4"}],"version-history":[{"count":15,"href":"https:\/\/sites.owu.edu\/liberty-captivity-en-francais\/wp-json\/wp\/v2\/pages\/4\/revisions"}],"predecessor-version":[{"id":78,"href":"https:\/\/sites.owu.edu\/liberty-captivity-en-francais\/wp-json\/wp\/v2\/pages\/4\/revisions\/78"}],"wp:attachment":[{"href":"https:\/\/sites.owu.edu\/liberty-captivity-en-francais\/wp-json\/wp\/v2\/media?parent=4"}],"curies":[{"name":"wp","href":"https:\/\/api.w.org\/{rel}","templated":true}]}}