{"id":165,"date":"2019-05-14T08:12:52","date_gmt":"2019-05-14T13:12:52","guid":{"rendered":"https:\/\/sites.owu.edu\/documentingafrica\/?page_id=165"},"modified":"2020-05-05T19:32:41","modified_gmt":"2020-05-06T00:32:41","slug":"lenvoye-et-barca","status":"publish","type":"page","link":"https:\/\/sites.owu.edu\/documentingafrica\/french\/lenvoye-et-barca\/","title":{"rendered":"L&#8217;Envoy\u00e9 et Bar\u00e7a"},"content":{"rendered":"<h2>By Alexander Sanchez<\/h2>\n<p><em>The forms of representation treated here are non-fiction, namely a special report on immigration presented on France 24 and a documentary film primarily based in Senegal.<\/em><\/p>\n<p>Les types de repr\u00e9sentation trait\u00e9s ici sont non fictifs, notamment un reportage sp\u00e9cial sur l\u2019immigration pr\u00e9sent\u00e9 sur France 24 et un documentaire.<\/p>\n\n<!-- iframe plugin v.6.0 wordpress.org\/plugins\/iframe\/ -->\n<iframe loading=\"lazy\" src=\"https:\/\/uploads.knightlab.com\/storymapjs\/969fc99b3ae92f29218847fe8cd6238e\/barca-et-barcelone\/index.html\" frameborder=\"0\" width=\"100%\" 0=\"height=&quot;800&quot;&gt;&lt;\/iframe\" height=\"500\" scrolling=\"yes\" class=\"iframe-class\"><\/iframe>\n\n<p><button id=\"lefty\"><a id=\"nextmap\" href=\"https:\/\/sites.owu.edu\/documentingafrica\/french\/i-am-with-them-and-institute-of-the-arab-world\/\">Return to I Am With Them &amp; Institute of the Arab World<\/a><\/button><button id=\"righto\"><a id=\"nextmap\" href=\"https:\/\/sites.owu.edu\/documentingafrica\/french\/clandestins-harragas\/\">Continue to Clandestins &amp; Harragas<\/a><\/button><\/p>\n","protected":false},"excerpt":{"rendered":"<p>By Alexander Sanchez The forms of representation treated here are non-fiction, namely a special report on immigration presented on France 24 and a documentary film primarily based in Senegal. Les types de repr\u00e9sentation trait\u00e9s ici sont non fictifs, notamment un reportage sp\u00e9cial sur l\u2019immigration pr\u00e9sent\u00e9 sur France 24 et un documentaire. Return to I Am [&hellip;]<\/p>\n","protected":false},"author":2040,"featured_media":0,"parent":40,"menu_order":0,"comment_status":"closed","ping_status":"closed","template":"templates\/full-width.php","meta":{"footnotes":""},"class_list":["post-165","page","type-page","status-publish","hentry"],"blocksy_meta":[],"_links":{"self":[{"href":"https:\/\/sites.owu.edu\/documentingafrica\/wp-json\/wp\/v2\/pages\/165","targetHints":{"allow":["GET"]}}],"collection":[{"href":"https:\/\/sites.owu.edu\/documentingafrica\/wp-json\/wp\/v2\/pages"}],"about":[{"href":"https:\/\/sites.owu.edu\/documentingafrica\/wp-json\/wp\/v2\/types\/page"}],"author":[{"embeddable":true,"href":"https:\/\/sites.owu.edu\/documentingafrica\/wp-json\/wp\/v2\/users\/2040"}],"replies":[{"embeddable":true,"href":"https:\/\/sites.owu.edu\/documentingafrica\/wp-json\/wp\/v2\/comments?post=165"}],"version-history":[{"count":7,"href":"https:\/\/sites.owu.edu\/documentingafrica\/wp-json\/wp\/v2\/pages\/165\/revisions"}],"predecessor-version":[{"id":256,"href":"https:\/\/sites.owu.edu\/documentingafrica\/wp-json\/wp\/v2\/pages\/165\/revisions\/256"}],"up":[{"embeddable":true,"href":"https:\/\/sites.owu.edu\/documentingafrica\/wp-json\/wp\/v2\/pages\/40"}],"wp:attachment":[{"href":"https:\/\/sites.owu.edu\/documentingafrica\/wp-json\/wp\/v2\/media?parent=165"}],"curies":[{"name":"wp","href":"https:\/\/api.w.org\/{rel}","templated":true}]}}